{"id":10940,"date":"2023-12-19T18:50:27","date_gmt":"2023-12-19T17:50:27","guid":{"rendered":"https:\/\/www.be-th.de\/?page_id=10940"},"modified":"2023-12-19T18:50:27","modified_gmt":"2023-12-19T17:50:27","slug":"whistleblower","status":"publish","type":"page","link":"https:\/\/www.be-th.de\/en\/whistleblower\/","title":{"rendered":"Whistleblower Information"},"content":{"rendered":"<section class=\"wpb-content-wrapper\"><p>[vc_row content_placement=&#8221;top&#8221; content_text_aligment=&#8221;center&#8221; css=&#8221;.vc_custom_1529324857830{padding-top: 0px !important;padding-right: 0px !important;padding-left: 0px !important;background-image: url(https:\/\/www.be-th.de\/wp-content\/uploads\/2018\/05\/header-datenschutz.jpg?id=8974) !important;background-position: center !important;background-repeat: no-repeat !important;background-size: cover !important;}&#8221; el_class=&#8221;header-schmal&#8221;][vc_column offset=&#8221;vc_col-lg-12&#8243; css=&#8221;.vc_custom_1526983382749{padding-top: 0px !important;padding-right: 0px !important;padding-left: 0px !important;}&#8221;][\/vc_column][\/vc_row][vc_row row_content_width=&#8221;grid&#8221; content_text_aligment=&#8221;center&#8221; css=&#8221;.vc_custom_1526647423427{padding-top: 80px !important;padding-bottom: 70px !important;}&#8221;][vc_column offset=&#8221;vc_col-lg-12&#8243; css=&#8221;.vc_custom_1486131001859{padding-right: 8% !important;padding-left: 8% !important;}&#8221;][vc_row_inner row_content_width=&#8221;grid&#8221;][vc_column_inner]<div class=\"edgtf-section-title-holder\" >\n\t\t\t<h1 class=\"edgtf-st-title\" >\n\t\t\t<span>Whistleblower Information<\/span>\n\t\t<\/h1>\n\t\t<\/div>[vc_empty_space][vc_column_text]<\/p>\n<p style=\"text-align: left;\">HINWEISGEBERSYSTEM DER BOCHUMER EISENH\u00dcTTE GMBH &amp; CO KG<\/p>\n<p style=\"text-align: left;\">Die Bochumer Eisenh\u00fctte GmbH &amp; Co KG tr\u00e4gt als international agierendes Unternehmen mit \u00fcber 170-j\u00e4hriger Geschichte eine gesellschaftliche Verantwortung. Unser nachhaltiger wirtschaftlicher Erfolg beruht auf Innovationskraft, technologischer Kompetenz, Qualit\u00e4t sowie Kundenorientierung. Die strikte Einhaltung geltender Regeln und Gesetze bestimmt unser verantwortungsvolles Handeln. Compliance genie\u00dft daher h\u00f6chste Priorit\u00e4t.<\/p>\n<p style=\"text-align: left;\">Seri\u00f6se Hinweise helfen uns, Verst\u00f6\u00dfen fr\u00fchzeitig entgegenzuwirken und Sch\u00e4den f\u00fcr unser Unternehmen, unsere Mitarbeitenden und unsere Gesch\u00e4ftspartner zu reduzieren.<\/p>\n<p style=\"text-align: left;\">Daher nehmen wir Sie und Ihre Anliegen ernst! Die M\u00f6glichkeit, Hinweise abzugeben, steht allen Mitarbeitenden und Personen, die aufgrund ihrer beruflichen T\u00e4tigkeit mit der Bochumer Eisenh\u00fctte in Kontakt stehen, zur Verf\u00fcgung. Die Einrichtung eines unabh\u00e4ngigen internen Meldekanals unterstreicht unser Engagement f\u00fcr eine offene und ehrliche Unternehmenskultur. Somit k\u00f6nnen wir auf m\u00f6gliche Probleme reagieren und sicherstellen, dass die Bochumer Eisenh\u00fctte ein sicherer und gerechter Ort f\u00fcr alle ist.<\/p>\n<p style=\"text-align: left;\">Wir sch\u00fctzen die Interessen der Hinweisgebenden nicht nur durch die Einrichtung eines gesicherten Meldekanals, sondern auch durch die Zusage, eingehende Hinweise vertraulich zu behandeln und im besten Wissen handelnde Hinweisgebende mit allen gebotenen Mitteln gegen etwaige aus einer Meldung resultierende Nachteile zu sch\u00fctzen. \u00a0Melden Sie bitte einen m\u00f6glichen Versto\u00df unter diesem Link:<span style=\"color: #0000ff;\"><strong> <em><a style=\"color: #0000ff;\" href=\"https:\/\/be-th.wbrl.eu\/\">https:\/\/be-th.wbrl.eu\/<\/a><\/em><\/strong><\/span><\/p>\n<p style=\"text-align: left;\">Die mit der Betreuung des Hinweisgebersystems betrauten Personen bieten Gew\u00e4hr f\u00fcr unparteiisches Handeln, sind unabh\u00e4ngig, an Weisungen nicht gebunden und zur Verschwiegenheit verpflichtet.<br \/>\nWir ermutigen alle meldeberechtigten Personen, diesen neuen Kanal im Bedarfsfall zu nutzen und sich aktiv an der Schaffung einer transparenten und gerechten Arbeitsumgebung zu beteiligen.<\/p>\n<p style=\"text-align: left;\">VIELEN DANK!<\/p>\n<p>[\/vc_column_text][\/vc_column_inner][\/vc_row_inner][\/vc_column][\/vc_row][vc_row css=&#8221;.vc_custom_1526647073388{padding-top: 50px !important;padding-bottom: 100px !important;background-color: #f5f5f5 !important;background-position: center !important;background-repeat: no-repeat !important;background-size: cover !important;}&#8221;][vc_column][\/vc_column][\/vc_row]<\/p>\n<\/section>","protected":false},"excerpt":{"rendered":"<p>[vc_row content_placement=&#8221;top&#8221; content_text_aligment=&#8221;center&#8221; css=&#8221;.vc_custom_1529324857830{padding-top: 0px !important;padding-right: 0px !important;padding-left: 0px !important;background-image: url(https:\/\/www.be-th.de\/wp-content\/uploads\/2018\/05\/header-datenschutz.jpg?id=8974) !important;background-position: center !important;background-repeat: no-repeat !important;background-size: cover !important;}&#8221; el_class=&#8221;header-schmal&#8221;][vc_column offset=&#8221;vc_col-lg-12&#8243; css=&#8221;.vc_custom_1526983382749{padding-top: 0px !important;padding-right: 0px !important;padding-left: 0px !important;}&#8221;][\/vc_column][\/vc_row][vc_row row_content_width=&#8221;grid&#8221; content_text_aligment=&#8221;center&#8221; css=&#8221;.vc_custom_1526647423427{padding-top: 80px !important;padding-bottom: 70px !important;}&#8221;][vc_column offset=&#8221;vc_col-lg-12&#8243; css=&#8221;.vc_custom_1486131001859{padding-right: 8% !important;padding-left: 8% !important;}&#8221;][vc_row_inner [&hellip;]<\/p>\n","protected":false},"author":4,"featured_media":0,"parent":0,"menu_order":0,"comment_status":"closed","ping_status":"closed","template":"full-width.php","meta":{"footnotes":""},"class_list":["post-10940","page","type-page","status-publish","hentry"],"_links":{"self":[{"href":"https:\/\/www.be-th.de\/en\/wp-json\/wp\/v2\/pages\/10940","targetHints":{"allow":["GET"]}}],"collection":[{"href":"https:\/\/www.be-th.de\/en\/wp-json\/wp\/v2\/pages"}],"about":[{"href":"https:\/\/www.be-th.de\/en\/wp-json\/wp\/v2\/types\/page"}],"author":[{"embeddable":true,"href":"https:\/\/www.be-th.de\/en\/wp-json\/wp\/v2\/users\/4"}],"replies":[{"embeddable":true,"href":"https:\/\/www.be-th.de\/en\/wp-json\/wp\/v2\/comments?post=10940"}],"version-history":[{"count":3,"href":"https:\/\/www.be-th.de\/en\/wp-json\/wp\/v2\/pages\/10940\/revisions"}],"predecessor-version":[{"id":10980,"href":"https:\/\/www.be-th.de\/en\/wp-json\/wp\/v2\/pages\/10940\/revisions\/10980"}],"wp:attachment":[{"href":"https:\/\/www.be-th.de\/en\/wp-json\/wp\/v2\/media?parent=10940"}],"curies":[{"name":"wp","href":"https:\/\/api.w.org\/{rel}","templated":true}]}}